{"id":13,"date":"2020-07-02T11:25:25","date_gmt":"2020-07-02T16:25:25","guid":{"rendered":"https:\/\/lareddepedro.org\/?page_id=13"},"modified":"2020-07-02T11:27:54","modified_gmt":"2020-07-02T16:27:54","slug":"portada","status":"publish","type":"page","link":"https:\/\/lareddepedro.org\/","title":{"rendered":"Portada"},"content":{"rendered":"\n<figure class=\"wp-block-image size-large\"><a href=\"http:\/\/lareddepedro.org\/online.html\"><img loading=\"lazy\" width=\"729\" height=\"577\" src=\"https:\/\/lareddepedro.org\/wp-content\/uploads\/2020\/07\/Screen-Shot-2020-07-02-at-11.19.08-AM.png\" alt=\"\" class=\"wp-image-19\" srcset=\"https:\/\/lareddepedro.org\/wp-content\/uploads\/2020\/07\/Screen-Shot-2020-07-02-at-11.19.08-AM.png 729w, https:\/\/lareddepedro.org\/wp-content\/uploads\/2020\/07\/Screen-Shot-2020-07-02-at-11.19.08-AM-300x237.png 300w\" sizes=\"(max-width: 729px) 100vw, 729px\" \/><\/a><figcaption>Bienvenido a la Red de Pedro el momento en que estamos actualizando nuestra p\u00e1gina.<br>haz clic en la imagen para escuchar M\u00fasica Cat\u00f3lica<\/figcaption><\/figure>\n","protected":false},"excerpt":{"rendered":"<a href=\"https:\/\/lareddepedro.org\/\" class=\"btn frontech-btn\"><span><\/span>Leer m\u00e1s<\/a>","protected":false},"author":2,"featured_media":0,"parent":0,"menu_order":0,"comment_status":"closed","ping_status":"closed","template":"","meta":[],"_links":{"self":[{"href":"https:\/\/lareddepedro.org\/index.php?rest_route=\/wp\/v2\/pages\/13"}],"collection":[{"href":"https:\/\/lareddepedro.org\/index.php?rest_route=\/wp\/v2\/pages"}],"about":[{"href":"https:\/\/lareddepedro.org\/index.php?rest_route=\/wp\/v2\/types\/page"}],"author":[{"embeddable":true,"href":"https:\/\/lareddepedro.org\/index.php?rest_route=\/wp\/v2\/users\/2"}],"replies":[{"embeddable":true,"href":"https:\/\/lareddepedro.org\/index.php?rest_route=%2Fwp%2Fv2%2Fcomments&post=13"}],"version-history":[{"count":3,"href":"https:\/\/lareddepedro.org\/index.php?rest_route=\/wp\/v2\/pages\/13\/revisions"}],"predecessor-version":[{"id":24,"href":"https:\/\/lareddepedro.org\/index.php?rest_route=\/wp\/v2\/pages\/13\/revisions\/24"}],"wp:attachment":[{"href":"https:\/\/lareddepedro.org\/index.php?rest_route=%2Fwp%2Fv2%2Fmedia&parent=13"}],"curies":[{"name":"wp","href":"https:\/\/api.w.org\/{rel}","templated":true}]}}